{"id":74,"date":"2024-07-10T18:16:44","date_gmt":"2024-07-10T16:16:44","guid":{"rendered":"https:\/\/www.chrislog.pl\/?page_id=74"},"modified":"2024-07-10T20:04:24","modified_gmt":"2024-07-10T18:04:24","slug":"uslugi-2","status":"publish","type":"page","link":"https:\/\/www.chrislog.pl\/index.php\/uslugi-2\/","title":{"rendered":"Us\u0142ugi"},"content":{"rendered":"\n<div class=\"wp-block-columns is-layout-flex wp-container-core-columns-is-layout-9d6595d7 wp-block-columns-is-layout-flex\">\n<div class=\"wp-block-column is-layout-flow wp-block-column-is-layout-flow\" style=\"flex-basis:66.66%\">\n<figure class=\"wp-block-gallery has-nested-images columns-default is-cropped wp-block-gallery-1 is-layout-flex wp-block-gallery-is-layout-flex\">\n<figure class=\"wp-block-image size-large\"><img loading=\"lazy\" decoding=\"async\" width=\"1024\" height=\"683\" data-id=\"67\" src=\"https:\/\/www.chrislog.pl\/wp-content\/uploads\/2024\/07\/pexels-craigmdennis-57007-1-1024x683.jpg\" alt=\"\" class=\"wp-image-67\" srcset=\"https:\/\/www.chrislog.pl\/wp-content\/uploads\/2024\/07\/pexels-craigmdennis-57007-1-1024x683.jpg 1024w, https:\/\/www.chrislog.pl\/wp-content\/uploads\/2024\/07\/pexels-craigmdennis-57007-1-300x200.jpg 300w, https:\/\/www.chrislog.pl\/wp-content\/uploads\/2024\/07\/pexels-craigmdennis-57007-1-768x512.jpg 768w, https:\/\/www.chrislog.pl\/wp-content\/uploads\/2024\/07\/pexels-craigmdennis-57007-1-1536x1024.jpg 1536w, https:\/\/www.chrislog.pl\/wp-content\/uploads\/2024\/07\/pexels-craigmdennis-57007-1-2048x1365.jpg 2048w\" sizes=\"auto, (max-width: 767px) 89vw, (max-width: 1000px) 54vw, (max-width: 1071px) 543px, 580px\" \/><\/figure>\n<\/figure>\n<\/div>\n\n\n\n<div class=\"wp-block-column is-layout-flow wp-block-column-is-layout-flow\"><\/div>\n\n\n\n<div class=\"wp-block-column is-vertically-aligned-center is-layout-flow wp-block-column-is-layout-flow\" style=\"flex-basis:33.33%\">\n<p><strong>Wsparcie Informatyczne<\/strong><\/p>\n\n\n\n<p>Wsparcie w zakresie doradztwa wyboru sprz\u0119tu informatycznego, konfiguracji komputer\u00f3w, urz\u0105dze\u0144 peryferyjnych czy te\u017c naprawy sprz\u0119tu<\/p>\n<\/div>\n<\/div>\n\n\n\n<div class=\"wp-block-columns is-layout-flex wp-container-core-columns-is-layout-9d6595d7 wp-block-columns-is-layout-flex\">\n<div class=\"wp-block-column is-vertically-aligned-center is-layout-flow wp-block-column-is-layout-flow\" style=\"flex-basis:33.33%\">\n<p><strong>Bezpiecze\u0144stwo I Doradztwo<\/strong><\/p>\n\n\n\n<p>Dbanie o bezpiecze\u0144stwo danych, zasob\u00f3w oraz zabezpieczanie urz\u0105dze\u0144 klienckich przed wyciekiem danych<\/p>\n<\/div>\n\n\n\n<div class=\"wp-block-column is-layout-flow wp-block-column-is-layout-flow\" style=\"flex-basis:66.66%\">\n<figure class=\"wp-block-image size-large is-resized\"><img loading=\"lazy\" decoding=\"async\" width=\"1024\" height=\"683\" src=\"https:\/\/www.chrislog.pl\/wp-content\/uploads\/2024\/07\/pexels-pixabay-60504-2-1024x683.jpg\" alt=\"\" class=\"wp-image-71\" style=\"width:427px;height:auto\" srcset=\"https:\/\/www.chrislog.pl\/wp-content\/uploads\/2024\/07\/pexels-pixabay-60504-2-1024x683.jpg 1024w, https:\/\/www.chrislog.pl\/wp-content\/uploads\/2024\/07\/pexels-pixabay-60504-2-300x200.jpg 300w, https:\/\/www.chrislog.pl\/wp-content\/uploads\/2024\/07\/pexels-pixabay-60504-2-768x512.jpg 768w, https:\/\/www.chrislog.pl\/wp-content\/uploads\/2024\/07\/pexels-pixabay-60504-2-1536x1024.jpg 1536w, https:\/\/www.chrislog.pl\/wp-content\/uploads\/2024\/07\/pexels-pixabay-60504-2-2048x1365.jpg 2048w\" sizes=\"auto, (max-width: 767px) 89vw, (max-width: 1000px) 54vw, (max-width: 1071px) 543px, 580px\" \/><\/figure>\n<\/div>\n<\/div>\n\n\n\n<div class=\"wp-block-columns is-layout-flex wp-container-core-columns-is-layout-9d6595d7 wp-block-columns-is-layout-flex\">\n<div class=\"wp-block-column is-layout-flow wp-block-column-is-layout-flow\" style=\"flex-basis:66.66%\">\n<figure class=\"wp-block-gallery has-nested-images columns-default is-cropped wp-block-gallery-2 is-layout-flex wp-block-gallery-is-layout-flex\">\n<figure class=\"wp-block-image size-large\"><img loading=\"lazy\" decoding=\"async\" width=\"1024\" height=\"683\" data-id=\"82\" src=\"https:\/\/www.chrislog.pl\/wp-content\/uploads\/2024\/07\/pexels-brett-sayles-4508751-1-1024x683.jpg\" alt=\"\" class=\"wp-image-82\" srcset=\"https:\/\/www.chrislog.pl\/wp-content\/uploads\/2024\/07\/pexels-brett-sayles-4508751-1-1024x683.jpg 1024w, https:\/\/www.chrislog.pl\/wp-content\/uploads\/2024\/07\/pexels-brett-sayles-4508751-1-300x200.jpg 300w, https:\/\/www.chrislog.pl\/wp-content\/uploads\/2024\/07\/pexels-brett-sayles-4508751-1-768x512.jpg 768w, https:\/\/www.chrislog.pl\/wp-content\/uploads\/2024\/07\/pexels-brett-sayles-4508751-1-1536x1024.jpg 1536w, https:\/\/www.chrislog.pl\/wp-content\/uploads\/2024\/07\/pexels-brett-sayles-4508751-1-2048x1365.jpg 2048w\" sizes=\"auto, (max-width: 767px) 89vw, (max-width: 1000px) 54vw, (max-width: 1071px) 543px, 580px\" \/><\/figure>\n<\/figure>\n<\/div>\n\n\n\n<div class=\"wp-block-column is-vertically-aligned-center is-layout-flow wp-block-column-is-layout-flow\" style=\"flex-basis:33.33%\">\n<p><strong>Infrastruktura <\/strong><\/p>\n\n\n\n<p>Instalacja oraz konfiguracja system\u00f3w informatycznych oraz serwerowych. Wsparcie w zakresie doboru oraz utrzymania oprogramowania<\/p>\n<\/div>\n<\/div>\n\n\n\n<div class=\"wp-block-columns is-layout-flex wp-container-core-columns-is-layout-9d6595d7 wp-block-columns-is-layout-flex\">\n<div class=\"wp-block-column is-vertically-aligned-center is-layout-flow wp-block-column-is-layout-flow\" style=\"flex-basis:33.33%\">\n<p><strong>Sieci<\/strong><\/p>\n\n\n\n<p>Konfiguracja urz\u0105dze\u0144 sieciowych, zarz\u0105dzanie sieciami LAN oraz WiFi wraz z instalacj\u0105 gniazd sieciowych oraz monta\u017cem szaf typu Rack<\/p>\n<\/div>\n\n\n\n<div class=\"wp-block-column is-layout-flow wp-block-column-is-layout-flow\" style=\"flex-basis:66.66%\">\n<figure class=\"wp-block-image size-large\"><img loading=\"lazy\" decoding=\"async\" width=\"1024\" height=\"683\" src=\"https:\/\/www.chrislog.pl\/wp-content\/uploads\/2024\/07\/pexels-pixabay-159304-1024x683.jpg\" alt=\"\" class=\"wp-image-85\" srcset=\"https:\/\/www.chrislog.pl\/wp-content\/uploads\/2024\/07\/pexels-pixabay-159304-1024x683.jpg 1024w, https:\/\/www.chrislog.pl\/wp-content\/uploads\/2024\/07\/pexels-pixabay-159304-300x200.jpg 300w, https:\/\/www.chrislog.pl\/wp-content\/uploads\/2024\/07\/pexels-pixabay-159304-768x512.jpg 768w, https:\/\/www.chrislog.pl\/wp-content\/uploads\/2024\/07\/pexels-pixabay-159304-1536x1024.jpg 1536w, https:\/\/www.chrislog.pl\/wp-content\/uploads\/2024\/07\/pexels-pixabay-159304-2048x1365.jpg 2048w\" sizes=\"auto, (max-width: 767px) 89vw, (max-width: 1000px) 54vw, (max-width: 1071px) 543px, 580px\" \/><\/figure>\n<\/div>\n<\/div>\n","protected":false},"excerpt":{"rendered":"<p>Wsparcie Informatyczne Wsparcie w zakresie doradztwa wyboru sprz\u0119tu informatycznego, konfiguracji komputer\u00f3w, urz\u0105dze\u0144 peryferyjnych czy te\u017c naprawy sprz\u0119tu Bezpiecze\u0144stwo I Doradztwo Dbanie o bezpiecze\u0144stwo danych, zasob\u00f3w oraz zabezpieczanie urz\u0105dze\u0144 klienckich przed wyciekiem danych Infrastruktura Instalacja oraz konfiguracja system\u00f3w informatycznych oraz serwerowych. Wsparcie w zakresie doboru oraz utrzymania oprogramowania Sieci Konfiguracja urz\u0105dze\u0144 sieciowych, zarz\u0105dzanie sieciami LAN oraz &hellip; <\/p>\n<p class=\"link-more\"><a href=\"https:\/\/www.chrislog.pl\/index.php\/uslugi-2\/\" class=\"more-link\">Czytaj dalej<span class=\"screen-reader-text\"> \u201eUs\u0142ugi\u201d<\/span><\/a><\/p>\n","protected":false},"author":1,"featured_media":0,"parent":0,"menu_order":0,"comment_status":"closed","ping_status":"closed","template":"","meta":{"footnotes":""},"class_list":["post-74","page","type-page","status-publish","hentry"],"yoast_head":"<!-- This site is optimized with the Yoast SEO plugin v27.5 - https:\/\/yoast.com\/product\/yoast-seo-wordpress\/ -->\n<title>Us\u0142ugi - ChrisLog<\/title>\n<meta name=\"robots\" content=\"index, follow, max-snippet:-1, max-image-preview:large, max-video-preview:-1\" \/>\n<link rel=\"canonical\" href=\"https:\/\/www.chrislog.pl\/index.php\/uslugi-2\/\" \/>\n<meta property=\"og:locale\" content=\"pl_PL\" \/>\n<meta property=\"og:type\" content=\"article\" \/>\n<meta property=\"og:title\" content=\"Us\u0142ugi - ChrisLog\" \/>\n<meta property=\"og:description\" content=\"Wsparcie Informatyczne Wsparcie w zakresie doradztwa wyboru sprz\u0119tu informatycznego, konfiguracji komputer\u00f3w, urz\u0105dze\u0144 peryferyjnych czy te\u017c naprawy sprz\u0119tu Bezpiecze\u0144stwo I Doradztwo Dbanie o bezpiecze\u0144stwo danych, zasob\u00f3w oraz zabezpieczanie urz\u0105dze\u0144 klienckich przed wyciekiem danych Infrastruktura Instalacja oraz konfiguracja system\u00f3w informatycznych oraz serwerowych. Wsparcie w zakresie doboru oraz utrzymania oprogramowania Sieci Konfiguracja urz\u0105dze\u0144 sieciowych, zarz\u0105dzanie sieciami LAN oraz &hellip; Czytaj dalej \u201eUs\u0142ugi\u201d\" \/>\n<meta property=\"og:url\" content=\"https:\/\/www.chrislog.pl\/index.php\/uslugi-2\/\" \/>\n<meta property=\"og:site_name\" content=\"ChrisLog\" \/>\n<meta property=\"article:modified_time\" content=\"2024-07-10T18:04:24+00:00\" \/>\n<meta property=\"og:image\" content=\"https:\/\/www.chrislog.pl\/wp-content\/uploads\/2024\/07\/pexels-craigmdennis-57007-1-1024x683.jpg\" \/>\n<meta name=\"twitter:card\" content=\"summary_large_image\" \/>\n<meta name=\"twitter:label1\" content=\"Szacowany czas czytania\" \/>\n\t<meta name=\"twitter:data1\" content=\"2 minuty\" \/>\n<script type=\"application\/ld+json\" class=\"yoast-schema-graph\">{\"@context\":\"https:\\\/\\\/schema.org\",\"@graph\":[{\"@type\":\"WebPage\",\"@id\":\"https:\\\/\\\/www.chrislog.pl\\\/index.php\\\/uslugi-2\\\/\",\"url\":\"https:\\\/\\\/www.chrislog.pl\\\/index.php\\\/uslugi-2\\\/\",\"name\":\"Us\u0142ugi - ChrisLog\",\"isPartOf\":{\"@id\":\"https:\\\/\\\/www.chrislog.pl\\\/#website\"},\"primaryImageOfPage\":{\"@id\":\"https:\\\/\\\/www.chrislog.pl\\\/index.php\\\/uslugi-2\\\/#primaryimage\"},\"image\":{\"@id\":\"https:\\\/\\\/www.chrislog.pl\\\/index.php\\\/uslugi-2\\\/#primaryimage\"},\"thumbnailUrl\":\"https:\\\/\\\/www.chrislog.pl\\\/wp-content\\\/uploads\\\/2024\\\/07\\\/pexels-craigmdennis-57007-1-1024x683.jpg\",\"datePublished\":\"2024-07-10T16:16:44+00:00\",\"dateModified\":\"2024-07-10T18:04:24+00:00\",\"breadcrumb\":{\"@id\":\"https:\\\/\\\/www.chrislog.pl\\\/index.php\\\/uslugi-2\\\/#breadcrumb\"},\"inLanguage\":\"pl-PL\",\"potentialAction\":[{\"@type\":\"ReadAction\",\"target\":[\"https:\\\/\\\/www.chrislog.pl\\\/index.php\\\/uslugi-2\\\/\"]}]},{\"@type\":\"ImageObject\",\"inLanguage\":\"pl-PL\",\"@id\":\"https:\\\/\\\/www.chrislog.pl\\\/index.php\\\/uslugi-2\\\/#primaryimage\",\"url\":\"https:\\\/\\\/www.chrislog.pl\\\/wp-content\\\/uploads\\\/2024\\\/07\\\/pexels-craigmdennis-57007-1-scaled.jpg\",\"contentUrl\":\"https:\\\/\\\/www.chrislog.pl\\\/wp-content\\\/uploads\\\/2024\\\/07\\\/pexels-craigmdennis-57007-1-scaled.jpg\",\"width\":2560,\"height\":1707},{\"@type\":\"BreadcrumbList\",\"@id\":\"https:\\\/\\\/www.chrislog.pl\\\/index.php\\\/uslugi-2\\\/#breadcrumb\",\"itemListElement\":[{\"@type\":\"ListItem\",\"position\":1,\"name\":\"Strona g\u0142\u00f3wna\",\"item\":\"https:\\\/\\\/www.chrislog.pl\\\/\"},{\"@type\":\"ListItem\",\"position\":2,\"name\":\"Us\u0142ugi\"}]},{\"@type\":\"WebSite\",\"@id\":\"https:\\\/\\\/www.chrislog.pl\\\/#website\",\"url\":\"https:\\\/\\\/www.chrislog.pl\\\/\",\"name\":\"ChrisLog\",\"description\":\"Twoje zaufane wsparcie IT\",\"potentialAction\":[{\"@type\":\"SearchAction\",\"target\":{\"@type\":\"EntryPoint\",\"urlTemplate\":\"https:\\\/\\\/www.chrislog.pl\\\/?s={search_term_string}\"},\"query-input\":{\"@type\":\"PropertyValueSpecification\",\"valueRequired\":true,\"valueName\":\"search_term_string\"}}],\"inLanguage\":\"pl-PL\"}]}<\/script>\n<!-- \/ Yoast SEO plugin. -->","yoast_head_json":{"title":"Us\u0142ugi - ChrisLog","robots":{"index":"index","follow":"follow","max-snippet":"max-snippet:-1","max-image-preview":"max-image-preview:large","max-video-preview":"max-video-preview:-1"},"canonical":"https:\/\/www.chrislog.pl\/index.php\/uslugi-2\/","og_locale":"pl_PL","og_type":"article","og_title":"Us\u0142ugi - ChrisLog","og_description":"Wsparcie Informatyczne Wsparcie w zakresie doradztwa wyboru sprz\u0119tu informatycznego, konfiguracji komputer\u00f3w, urz\u0105dze\u0144 peryferyjnych czy te\u017c naprawy sprz\u0119tu Bezpiecze\u0144stwo I Doradztwo Dbanie o bezpiecze\u0144stwo danych, zasob\u00f3w oraz zabezpieczanie urz\u0105dze\u0144 klienckich przed wyciekiem danych Infrastruktura Instalacja oraz konfiguracja system\u00f3w informatycznych oraz serwerowych. Wsparcie w zakresie doboru oraz utrzymania oprogramowania Sieci Konfiguracja urz\u0105dze\u0144 sieciowych, zarz\u0105dzanie sieciami LAN oraz &hellip; Czytaj dalej \u201eUs\u0142ugi\u201d","og_url":"https:\/\/www.chrislog.pl\/index.php\/uslugi-2\/","og_site_name":"ChrisLog","article_modified_time":"2024-07-10T18:04:24+00:00","og_image":[{"url":"https:\/\/www.chrislog.pl\/wp-content\/uploads\/2024\/07\/pexels-craigmdennis-57007-1-1024x683.jpg","type":"","width":"","height":""}],"twitter_card":"summary_large_image","twitter_misc":{"Szacowany czas czytania":"2 minuty"},"schema":{"@context":"https:\/\/schema.org","@graph":[{"@type":"WebPage","@id":"https:\/\/www.chrislog.pl\/index.php\/uslugi-2\/","url":"https:\/\/www.chrislog.pl\/index.php\/uslugi-2\/","name":"Us\u0142ugi - ChrisLog","isPartOf":{"@id":"https:\/\/www.chrislog.pl\/#website"},"primaryImageOfPage":{"@id":"https:\/\/www.chrislog.pl\/index.php\/uslugi-2\/#primaryimage"},"image":{"@id":"https:\/\/www.chrislog.pl\/index.php\/uslugi-2\/#primaryimage"},"thumbnailUrl":"https:\/\/www.chrislog.pl\/wp-content\/uploads\/2024\/07\/pexels-craigmdennis-57007-1-1024x683.jpg","datePublished":"2024-07-10T16:16:44+00:00","dateModified":"2024-07-10T18:04:24+00:00","breadcrumb":{"@id":"https:\/\/www.chrislog.pl\/index.php\/uslugi-2\/#breadcrumb"},"inLanguage":"pl-PL","potentialAction":[{"@type":"ReadAction","target":["https:\/\/www.chrislog.pl\/index.php\/uslugi-2\/"]}]},{"@type":"ImageObject","inLanguage":"pl-PL","@id":"https:\/\/www.chrislog.pl\/index.php\/uslugi-2\/#primaryimage","url":"https:\/\/www.chrislog.pl\/wp-content\/uploads\/2024\/07\/pexels-craigmdennis-57007-1-scaled.jpg","contentUrl":"https:\/\/www.chrislog.pl\/wp-content\/uploads\/2024\/07\/pexels-craigmdennis-57007-1-scaled.jpg","width":2560,"height":1707},{"@type":"BreadcrumbList","@id":"https:\/\/www.chrislog.pl\/index.php\/uslugi-2\/#breadcrumb","itemListElement":[{"@type":"ListItem","position":1,"name":"Strona g\u0142\u00f3wna","item":"https:\/\/www.chrislog.pl\/"},{"@type":"ListItem","position":2,"name":"Us\u0142ugi"}]},{"@type":"WebSite","@id":"https:\/\/www.chrislog.pl\/#website","url":"https:\/\/www.chrislog.pl\/","name":"ChrisLog","description":"Twoje zaufane wsparcie IT","potentialAction":[{"@type":"SearchAction","target":{"@type":"EntryPoint","urlTemplate":"https:\/\/www.chrislog.pl\/?s={search_term_string}"},"query-input":{"@type":"PropertyValueSpecification","valueRequired":true,"valueName":"search_term_string"}}],"inLanguage":"pl-PL"}]}},"_links":{"self":[{"href":"https:\/\/www.chrislog.pl\/index.php\/wp-json\/wp\/v2\/pages\/74","targetHints":{"allow":["GET"]}}],"collection":[{"href":"https:\/\/www.chrislog.pl\/index.php\/wp-json\/wp\/v2\/pages"}],"about":[{"href":"https:\/\/www.chrislog.pl\/index.php\/wp-json\/wp\/v2\/types\/page"}],"author":[{"embeddable":true,"href":"https:\/\/www.chrislog.pl\/index.php\/wp-json\/wp\/v2\/users\/1"}],"replies":[{"embeddable":true,"href":"https:\/\/www.chrislog.pl\/index.php\/wp-json\/wp\/v2\/comments?post=74"}],"version-history":[{"count":5,"href":"https:\/\/www.chrislog.pl\/index.php\/wp-json\/wp\/v2\/pages\/74\/revisions"}],"predecessor-version":[{"id":97,"href":"https:\/\/www.chrislog.pl\/index.php\/wp-json\/wp\/v2\/pages\/74\/revisions\/97"}],"wp:attachment":[{"href":"https:\/\/www.chrislog.pl\/index.php\/wp-json\/wp\/v2\/media?parent=74"}],"curies":[{"name":"wp","href":"https:\/\/api.w.org\/{rel}","templated":true}]}}